{"id":181,"date":"2021-03-05T15:00:00","date_gmt":"2021-03-05T14:00:00","guid":{"rendered":"https:\/\/a-49.de\/?page_id=181"},"modified":"2022-03-11T10:27:53","modified_gmt":"2022-03-11T09:27:53","slug":"filme","status":"publish","type":"page","link":"https:\/\/a-49.de\/?page_id=181","title":{"rendered":"Filme"},"content":{"rendered":"\n<div class=\"wp-block-media-text alignwide is-stacked-on-mobile\"><figure class=\"wp-block-media-text__media\"><video controls src=\"https:\/\/a-49.de\/wp-content\/uploads\/2021\/03\/StoppA49-Animationsfilm-FINAL.mp4\"><\/video><\/figure><div class=\"wp-block-media-text__content\">\n<p><strong><span class=\"has-inline-color has-luminous-vivid-orange-color\">StoppA49<\/span><\/strong><\/p>\n\n\n\n<p>Animationsfilm<\/p>\n<\/div><\/div>\n\n\n\n<div class=\"wp-block-media-text alignwide is-stacked-on-mobile has-black-color has-text-color\"><figure class=\"wp-block-media-text__media\"><video controls src=\"https:\/\/a-49.de\/wp-content\/uploads\/2022\/02\/Reinhard.mp4\"><\/video><\/figure><div class=\"wp-block-media-text__content\">\n<p class=\"has-luminous-vivid-orange-color has-text-color has-medium-font-size\"><strong>Grunds\u00e4tzliche \u00dcberlegungen<\/strong><\/p>\n\n\n\n<p class=\"has-medium-font-size\">Reinhard Forst<\/p>\n<\/div><\/div>\n\n\n\n<div class=\"wp-block-media-text alignwide is-stacked-on-mobile\"><figure class=\"wp-block-media-text__media\"><video controls src=\"https:\/\/a-49.de\/wp-content\/uploads\/2022\/03\/Initiative_Ausbaustopp_H264_lang.mp4\"><\/video><\/figure><div class=\"wp-block-media-text__content\">\n<p class=\"has-luminous-vivid-orange-color has-text-color has-medium-font-size\"><strong>Initiative Ausbaustopp<\/strong><\/p>\n<\/div><\/div>\n\n\n\n<p class=\"has-vivid-cyan-blue-color has-text-color\">Dazu noch eine Anmerkung von Reinhard Forst:<\/p>\n\n\n\n<p>Berichtigung: Das bisher benutzte System zur Bewertung vonBelastungen und Entlastungen in Ortsdurchfahrten bezieht sich grunds\u00e4tzlichnicht auf Personen, weder auf betroffene Personen noch auf die Gr\u00f6\u00dfe des Orts.<\/p>\n\n\n\n<p class=\"has-black-color has-text-color\"><br><\/p>\n","protected":false},"excerpt":{"rendered":"<p>StoppA49 Animationsfilm Grunds\u00e4tzliche \u00dcberlegungen Reinhard Forst Initiative Ausbaustopp Dazu noch eine Anmerkung von Reinhard Forst: Berichtigung: Das bisher benutzte System zur Bewertung vonBelastungen und Entlastungen in Ortsdurchfahrten bezieht sich grunds\u00e4tzlichnicht auf Personen, weder auf betroffene Personen noch auf die Gr\u00f6\u00dfe des Orts.<\/p>\n","protected":false},"author":1,"featured_media":0,"parent":0,"menu_order":0,"comment_status":"closed","ping_status":"closed","template":"","meta":{"footnotes":""},"class_list":["post-181","page","type-page","status-publish","hentry"],"_links":{"self":[{"href":"https:\/\/a-49.de\/index.php?rest_route=\/wp\/v2\/pages\/181","targetHints":{"allow":["GET"]}}],"collection":[{"href":"https:\/\/a-49.de\/index.php?rest_route=\/wp\/v2\/pages"}],"about":[{"href":"https:\/\/a-49.de\/index.php?rest_route=\/wp\/v2\/types\/page"}],"author":[{"embeddable":true,"href":"https:\/\/a-49.de\/index.php?rest_route=\/wp\/v2\/users\/1"}],"replies":[{"embeddable":true,"href":"https:\/\/a-49.de\/index.php?rest_route=%2Fwp%2Fv2%2Fcomments&post=181"}],"version-history":[{"count":9,"href":"https:\/\/a-49.de\/index.php?rest_route=\/wp\/v2\/pages\/181\/revisions"}],"predecessor-version":[{"id":275,"href":"https:\/\/a-49.de\/index.php?rest_route=\/wp\/v2\/pages\/181\/revisions\/275"}],"wp:attachment":[{"href":"https:\/\/a-49.de\/index.php?rest_route=%2Fwp%2Fv2%2Fmedia&parent=181"}],"curies":[{"name":"wp","href":"https:\/\/api.w.org\/{rel}","templated":true}]}}